{"id":12,"date":"2014-10-20T15:03:23","date_gmt":"2014-10-20T15:03:23","guid":{"rendered":"http:\/\/nyco.se\/wordpresswordpress\/?page_id=12"},"modified":"2025-10-26T15:35:58","modified_gmt":"2025-10-26T14:35:58","slug":"kontakta-oss","status":"publish","type":"page","link":"https:\/\/www.nyco.se\/fr\/kontakta-oss\/","title":{"rendered":"Kontakta oss"},"content":{"rendered":"<p>NyCo Automation<br \/>\nBj\u00f6rnstigen 17<br \/>\n837 95 UNDERS\u00c5KER, \u00c5RE Sverige<br \/>\nTelefon: 0705-187 197, 0647-33 000<br \/>\ninfo@nyco.se<\/p>\n<p><iframe src=\"https:\/\/www.google.com\/maps\/embed?pb=!1m18!1m12!1m3!1d3583.348036547328!2d13.253890933833945!3d63.316509792182046!2m3!1f0!2f0!3f0!3m2!1i1024!2i768!4f13.1!3m3!1m2!1s0x466e729f04e6ab7d%3A0x1a2d9809ad632d5e!2sNyCo%20Automation!5e0!3m2!1ssv!2sse!4v1629285684019!5m2!1ssv!2sse\" width=\"600\" height=\"450\" style=\"border:0;\" allowfullscreen=\"\" loading=\"lazy\"><\/iframe><\/p>\n<p><script src=\"https:\/\/platform.linkedin.com\/badges\/js\/profile.js\" async defer type=\"text\/javascript\"><\/script><\/p>\n<div class=\"badge-base LI-profile-badge\" data-locale=\"sv_SE\" data-size=\"medium\" data-theme=\"dark\" data-type=\"VERTICAL\" data-vanity=\"hans-nyl\u00e9n\" data-version=\"v1\"><a class=\"badge-base__link LI-simple-link\" href=\"https:\/\/se.linkedin.com\/in\/hans-nyl%C3%A9n?trk=profile-badge\">Hans Nyl\u00e9n<\/a><\/div>\n<p>&nbsp;<\/p>\n","protected":false},"excerpt":{"rendered":"<p>NyCo Automation Bj\u00f6rnstigen 17 837 95 UNDERS\u00c5KER, \u00c5RE Sverige Telefon: 0705-187 197, 0647-33 000 info@nyco.se Hans Nyl\u00e9n &nbsp;<\/p>\n","protected":false},"author":1,"featured_media":0,"parent":0,"menu_order":4,"comment_status":"closed","ping_status":"closed","template":"full-width-page.php","meta":{"footnotes":""},"class_list":["post-12","page","type-page","status-publish","hentry"],"featured_image_src":"","featured_image_src_square":false,"rbea_author_info":{"display_name":"Hans Nylen","author_link":"https:\/\/www.nyco.se\/fr\/author\/admin\/"},"rbea_excerpt_info":"NyCo Automation Bj\u00f6rnstigen 17 837 95 UNDERS\u00c5KER, \u00c5RE Sverige Telefon: 0705-187 197, 0647-33 000 info@nyco.se Hans Nyl\u00e9n &nbsp;","_links":{"self":[{"href":"https:\/\/www.nyco.se\/fr\/wp-json\/wp\/v2\/pages\/12","targetHints":{"allow":["GET"]}}],"collection":[{"href":"https:\/\/www.nyco.se\/fr\/wp-json\/wp\/v2\/pages"}],"about":[{"href":"https:\/\/www.nyco.se\/fr\/wp-json\/wp\/v2\/types\/page"}],"author":[{"embeddable":true,"href":"https:\/\/www.nyco.se\/fr\/wp-json\/wp\/v2\/users\/1"}],"replies":[{"embeddable":true,"href":"https:\/\/www.nyco.se\/fr\/wp-json\/wp\/v2\/comments?post=12"}],"version-history":[{"count":23,"href":"https:\/\/www.nyco.se\/fr\/wp-json\/wp\/v2\/pages\/12\/revisions"}],"predecessor-version":[{"id":10908,"href":"https:\/\/www.nyco.se\/fr\/wp-json\/wp\/v2\/pages\/12\/revisions\/10908"}],"wp:attachment":[{"href":"https:\/\/www.nyco.se\/fr\/wp-json\/wp\/v2\/media?parent=12"}],"curies":[{"name":"wp","href":"https:\/\/api.w.org\/{rel}","templated":true}]}}